{"id":2244,"date":"2025-11-27T21:23:23","date_gmt":"2025-11-27T21:23:23","guid":{"rendered":"https:\/\/bpmconsulting.com.co\/contact-us\/"},"modified":"2026-04-21T18:51:37","modified_gmt":"2026-04-21T18:51:37","slug":"contact-us","status":"publish","type":"page","link":"https:\/\/bpmconsulting.com.co\/en\/contact-us\/","title":{"rendered":"Contact Us"},"content":{"rendered":"\t\t<div data-elementor-type=\"wp-page\" data-elementor-id=\"2244\" class=\"elementor elementor-2244\" data-elementor-settings=\"{&quot;ha_cmc_init_switcher&quot;:&quot;no&quot;,&quot;element_pack_global_tooltip_width&quot;:{&quot;unit&quot;:&quot;px&quot;,&quot;size&quot;:&quot;&quot;,&quot;sizes&quot;:[]},&quot;element_pack_global_tooltip_width_tablet&quot;:{&quot;unit&quot;:&quot;px&quot;,&quot;size&quot;:&quot;&quot;,&quot;sizes&quot;:[]},&quot;element_pack_global_tooltip_width_mobile&quot;:{&quot;unit&quot;:&quot;px&quot;,&quot;size&quot;:&quot;&quot;,&quot;sizes&quot;:[]},&quot;element_pack_global_tooltip_padding&quot;:{&quot;unit&quot;:&quot;px&quot;,&quot;top&quot;:&quot;&quot;,&quot;right&quot;:&quot;&quot;,&quot;bottom&quot;:&quot;&quot;,&quot;left&quot;:&quot;&quot;,&quot;isLinked&quot;:true},&quot;element_pack_global_tooltip_padding_tablet&quot;:{&quot;unit&quot;:&quot;px&quot;,&quot;top&quot;:&quot;&quot;,&quot;right&quot;:&quot;&quot;,&quot;bottom&quot;:&quot;&quot;,&quot;left&quot;:&quot;&quot;,&quot;isLinked&quot;:true},&quot;element_pack_global_tooltip_padding_mobile&quot;:{&quot;unit&quot;:&quot;px&quot;,&quot;top&quot;:&quot;&quot;,&quot;right&quot;:&quot;&quot;,&quot;bottom&quot;:&quot;&quot;,&quot;left&quot;:&quot;&quot;,&quot;isLinked&quot;:true},&quot;element_pack_global_tooltip_border_radius&quot;:{&quot;unit&quot;:&quot;px&quot;,&quot;top&quot;:&quot;&quot;,&quot;right&quot;:&quot;&quot;,&quot;bottom&quot;:&quot;&quot;,&quot;left&quot;:&quot;&quot;,&quot;isLinked&quot;:true},&quot;element_pack_global_tooltip_border_radius_tablet&quot;:{&quot;unit&quot;:&quot;px&quot;,&quot;top&quot;:&quot;&quot;,&quot;right&quot;:&quot;&quot;,&quot;bottom&quot;:&quot;&quot;,&quot;left&quot;:&quot;&quot;,&quot;isLinked&quot;:true},&quot;element_pack_global_tooltip_border_radius_mobile&quot;:{&quot;unit&quot;:&quot;px&quot;,&quot;top&quot;:&quot;&quot;,&quot;right&quot;:&quot;&quot;,&quot;bottom&quot;:&quot;&quot;,&quot;left&quot;:&quot;&quot;,&quot;isLinked&quot;:true}}\" data-elementor-post-type=\"page\">\n\t\t\t\t<div class=\"elementor-element elementor-element-1ba0a97 banner e-con-full e-flex e-con e-parent\" data-id=\"1ba0a97\" data-element_type=\"container\" data-e-type=\"container\" data-settings=\"{&quot;background_background&quot;:&quot;classic&quot;,&quot;_ha_eqh_enable&quot;:false}\">\n\t\t<div class=\"elementor-element elementor-element-49e9a9f e-con-full e-flex e-con e-child\" data-id=\"49e9a9f\" data-element_type=\"container\" data-e-type=\"container\" data-settings=\"{&quot;_ha_eqh_enable&quot;:false}\">\n\t\t\t\t<div class=\"elementor-element elementor-element-b9ba554 elementor-widget elementor-widget-html\" data-id=\"b9ba554\" data-element_type=\"widget\" data-e-type=\"widget\" data-widget_type=\"html.default\">\n\t\t\t\t\t<iframe src=\"https:\/\/www.google.com\/maps\/embed?pb=!1m18!1m12!1m3!1d3976.149066070448!2d-74.04049309999999!3d4.744140600000001!2m3!1f0!2f0!3f0!3m2!1i1024!2i768!4f13.1!3m3!1m2!1s0x8e3f85783f33d2e3%3A0x69179c7154097498!2sBPM%20Consulting%20SAS!5e0!3m2!1ses-419!2sco!4v1765550964473!5m2!1ses-419!2sco\" width=\"600\" height=\"450\" style=\"border:0;\" allowfullscreen=\"\" loading=\"lazy\" referrerpolicy=\"no-referrer-when-downgrade\"><\/iframe>\t\t\t\t<\/div>\n\t\t\t\t<\/div>\n\t\t\t\t<\/div>\n\t\t<div class=\"elementor-element elementor-element-7378bd6 e-flex e-con-boxed e-con e-parent\" data-id=\"7378bd6\" data-element_type=\"container\" data-e-type=\"container\" data-settings=\"{&quot;_ha_eqh_enable&quot;:false}\">\n\t\t\t\t\t<div class=\"e-con-inner\">\n\t\t<div class=\"elementor-element elementor-element-ab68b8a e-con-full e-flex e-con e-child\" data-id=\"ab68b8a\" data-element_type=\"container\" data-e-type=\"container\" data-settings=\"{&quot;_ha_eqh_enable&quot;:false}\">\n\t\t<div class=\"elementor-element elementor-element-8c457aa e-con-full e-flex e-con e-child\" data-id=\"8c457aa\" data-element_type=\"container\" data-e-type=\"container\" data-settings=\"{&quot;_ha_eqh_enable&quot;:false}\">\n\t\t\t\t<div class=\"elementor-element elementor-element-694390a elementor-widget elementor-widget-heading\" data-id=\"694390a\" data-element_type=\"widget\" data-e-type=\"widget\" data-widget_type=\"heading.default\">\n\t\t\t\t\t<h2 class=\"elementor-heading-title elementor-size-default\">Contact Us<\/h2>\t\t\t\t<\/div>\n\t\t\t\t<div class=\"elementor-element elementor-element-faa9604 elementor-widget elementor-widget-text-editor\" data-id=\"faa9604\" data-element_type=\"widget\" data-e-type=\"widget\" data-widget_type=\"text-editor.default\">\n\t\t\t\t\t\t\t\t\t<p><b>Main Administrative Line<\/b><br \/>601 756 9094<\/p><p><b>Sales Support Line<\/b><br \/>601 390 2000<\/p><p><b>Sales Support Chat<\/b><br \/>+57 322 6590508<\/p><p>Bogot\u00e1, Colombia<\/p><p>Get help if a security breach or potential incident occurs:<br \/><a href=\"mailto:sig@bpmconsulting.com.co\">sig@bpmconsulting.com.co<\/a><\/p>\t\t\t\t\t\t\t\t<\/div>\n\t\t\t\t<\/div>\n\t\t<div class=\"elementor-element elementor-element-63a6a0a e-con-full e-flex e-con e-child\" data-id=\"63a6a0a\" data-element_type=\"container\" data-e-type=\"container\" data-settings=\"{&quot;_ha_eqh_enable&quot;:false}\">\n\t\t\t\t<div class=\"elementor-element elementor-element-3922c72 elementor-widget elementor-widget-heading\" data-id=\"3922c72\" data-element_type=\"widget\" data-e-type=\"widget\" data-widget_type=\"heading.default\">\n\t\t\t\t\t<h2 class=\"elementor-heading-title elementor-size-default\">Contact us and we will prepare your personalized proposal!<\/h2>\t\t\t\t<\/div>\n\t\t\t\t<div class=\"elementor-element elementor-element-eeb2bf2 elementor-button-align-start elementor-widget elementor-widget-global elementor-global-2061 elementor-widget-form\" data-id=\"eeb2bf2\" data-element_type=\"widget\" data-e-type=\"widget\" data-settings=\"{&quot;step_next_label&quot;:&quot;Siguiente&quot;,&quot;step_previous_label&quot;:&quot;Anterior&quot;,&quot;button_width&quot;:&quot;100&quot;,&quot;step_type&quot;:&quot;number_text&quot;,&quot;step_icon_shape&quot;:&quot;circle&quot;}\" data-widget_type=\"form.default\">\n\t\t\t\t\t\t\t<form class=\"elementor-form\" method=\"post\" id=\"form_bpm\" name=\"BPM Contact Form\" aria-label=\"BPM Contact Form\">\n\t\t\t<input type=\"hidden\" name=\"post_id\" value=\"2244\"\/>\n\t\t\t<input type=\"hidden\" name=\"form_id\" value=\"eeb2bf2\"\/>\n\t\t\t<input type=\"hidden\" name=\"referer_title\" value=\"BPM Consulting | Contact Center, BPO e IA en Colombia\" \/>\n\n\t\t\t\n\t\t\t<div class=\"elementor-form-fields-wrapper elementor-labels-above\">\n\t\t\t\t\t\t\t\t<div class=\"elementor-field-type-text elementor-field-group elementor-column elementor-field-group-name elementor-col-50\">\n\t\t\t\t\t\t\t\t\t\t\t\t\t<input size=\"1\" type=\"text\" name=\"form_fields[name]\" id=\"form-field-name\" class=\"elementor-field elementor-size-sm  elementor-field-textual\" placeholder=\"First Name\">\n\t\t\t\t\t\t\t\t\t\t\t<\/div>\n\t\t\t\t\t\t\t\t<div class=\"elementor-field-type-text elementor-field-group elementor-column elementor-field-group-last_name elementor-col-50 elementor-field-required\">\n\t\t\t\t\t\t\t\t\t\t\t\t\t<input size=\"1\" type=\"text\" name=\"form_fields[last_name]\" id=\"form-field-last_name\" class=\"elementor-field elementor-size-sm  elementor-field-textual\" placeholder=\"Last Name\" required=\"required\">\n\t\t\t\t\t\t\t\t\t\t\t<\/div>\n\t\t\t\t\t\t\t\t<div class=\"elementor-field-type-text elementor-field-group elementor-column elementor-field-group-company elementor-col-100 elementor-field-required\">\n\t\t\t\t\t\t\t\t\t\t\t\t\t<input size=\"1\" type=\"text\" name=\"form_fields[company]\" id=\"form-field-company\" class=\"elementor-field elementor-size-sm  elementor-field-textual\" placeholder=\"Company\" required=\"required\">\n\t\t\t\t\t\t\t\t\t\t\t<\/div>\n\t\t\t\t\t\t\t\t<div class=\"elementor-field-type-email elementor-field-group elementor-column elementor-field-group-email elementor-col-50 elementor-field-required\">\n\t\t\t\t\t\t\t\t\t\t\t\t\t<input size=\"1\" type=\"email\" name=\"form_fields[email]\" id=\"form-field-email\" class=\"elementor-field elementor-size-sm  elementor-field-textual\" placeholder=\"Email Address\" required=\"required\">\n\t\t\t\t\t\t\t\t\t\t\t<\/div>\n\t\t\t\t\t\t\t\t<div class=\"elementor-field-type-tel elementor-field-group elementor-column elementor-field-group-phone elementor-col-50 elementor-field-required\">\n\t\t\t\t\t\t\t<input size=\"1\" type=\"tel\" name=\"form_fields[phone]\" id=\"form-field-phone\" class=\"elementor-field elementor-size-sm  elementor-field-textual\" placeholder=\"Phone Number\" required=\"required\" pattern=\"[0-9()#&amp;+*-=.]+\" title=\"Only numbers and phone characters (#, -, *, etc) are accepted.\">\n\n\t\t\t\t\t\t<\/div>\n\t\t\t\t\t\t\t\t<div class=\"elementor-field-type-select elementor-field-group elementor-column elementor-field-group-origen elementor-col-100 elementor-field-required\">\n\t\t\t\t\t\t\t<div class=\"elementor-field elementor-select-wrapper remove-before \">\n\t\t\t<div class=\"select-caret-down-wrapper\">\n\t\t\t\t<svg aria-hidden=\"true\" class=\"e-font-icon-svg e-eicon-caret-down\" viewBox=\"0 0 571.4 571.4\" xmlns=\"http:\/\/www.w3.org\/2000\/svg\"><path d=\"M571 393Q571 407 561 418L311 668Q300 679 286 679T261 668L11 418Q0 407 0 393T11 368 36 357H536Q550 357 561 368T571 393Z\"><\/path><\/svg>\t\t\t<\/div>\n\t\t\t<select name=\"form_fields[origen]\" id=\"form-field-origen\" class=\"elementor-field-textual elementor-size-sm\" required=\"required\">\n\t\t\t\t\t\t\t\t\t<option value=\"How did you hear about us?\">How did you hear about us?<\/option>\n\t\t\t\t\t\t\t\t\t<option value=\"LinkedIn \">LinkedIn <\/option>\n\t\t\t\t\t\t\t\t\t<option value=\"Social Media \">Social Media <\/option>\n\t\t\t\t\t\t\t\t\t<option value=\"Event \">Event <\/option>\n\t\t\t\t\t\t\t\t\t<option value=\"Webinar \">Webinar <\/option>\n\t\t\t\t\t\t\t\t\t<option value=\"Email Marketing \">Email Marketing <\/option>\n\t\t\t\t\t\t\t\t\t<option value=\"Advertising \">Advertising <\/option>\n\t\t\t\t\t\t\t\t\t<option value=\"Other \">Other <\/option>\n\t\t\t\t\t\t\t<\/select>\n\t\t<\/div>\n\t\t\t\t\t\t<\/div>\n\t\t\t\t\t\t\t\t<div class=\"elementor-field-type-select elementor-field-group elementor-column elementor-field-group-sector elementor-col-100 elementor-field-required\">\n\t\t\t\t\t\t\t<div class=\"elementor-field elementor-select-wrapper remove-before \">\n\t\t\t<div class=\"select-caret-down-wrapper\">\n\t\t\t\t<svg aria-hidden=\"true\" class=\"e-font-icon-svg e-eicon-caret-down\" viewBox=\"0 0 571.4 571.4\" xmlns=\"http:\/\/www.w3.org\/2000\/svg\"><path d=\"M571 393Q571 407 561 418L311 668Q300 679 286 679T261 668L11 418Q0 407 0 393T11 368 36 357H536Q550 357 561 368T571 393Z\"><\/path><\/svg>\t\t\t<\/div>\n\t\t\t<select name=\"form_fields[sector]\" id=\"form-field-sector\" class=\"elementor-field-textual elementor-size-sm\" required=\"required\">\n\t\t\t\t\t\t\t\t\t<option value=\"Company Sector\">Company Sector<\/option>\n\t\t\t\t\t\t\t\t\t<option value=\"Automotive &amp; Mobility \">Automotive &amp; Mobility <\/option>\n\t\t\t\t\t\t\t\t\t<option value=\"Financial Services &amp; Insurance \">Financial Services &amp; Insurance <\/option>\n\t\t\t\t\t\t\t\t\t<option value=\"Retail &amp; E-commerce \">Retail &amp; E-commerce <\/option>\n\t\t\t\t\t\t\t\t\t<option value=\"Travel &amp; Hospitality \">Travel &amp; Hospitality <\/option>\n\t\t\t\t\t\t\t\t\t<option value=\"Healthcare \">Healthcare <\/option>\n\t\t\t\t\t\t\t\t\t<option value=\"Telecommunications \">Telecommunications <\/option>\n\t\t\t\t\t\t\t\t\t<option value=\"Media &amp; Entertainment \">Media &amp; Entertainment <\/option>\n\t\t\t\t\t\t\t\t\t<option value=\"Utilities \">Utilities <\/option>\n\t\t\t\t\t\t\t\t\t<option value=\"Public Sector \">Public Sector <\/option>\n\t\t\t\t\t\t\t\t\t<option value=\"Technology \">Technology <\/option>\n\t\t\t\t\t\t\t\t\t<option value=\"Other \">Other <\/option>\n\t\t\t\t\t\t\t<\/select>\n\t\t<\/div>\n\t\t\t\t\t\t<\/div>\n\t\t\t\t\t\t\t\t<div class=\"elementor-field-type-select elementor-field-group elementor-column elementor-field-group-servicio elementor-col-100 elementor-field-required\">\n\t\t\t\t\t\t\t<div class=\"elementor-field elementor-select-wrapper remove-before \">\n\t\t\t<div class=\"select-caret-down-wrapper\">\n\t\t\t\t<svg aria-hidden=\"true\" class=\"e-font-icon-svg e-eicon-caret-down\" viewBox=\"0 0 571.4 571.4\" xmlns=\"http:\/\/www.w3.org\/2000\/svg\"><path d=\"M571 393Q571 407 561 418L311 668Q300 679 286 679T261 668L11 418Q0 407 0 393T11 368 36 357H536Q550 357 561 368T571 393Z\"><\/path><\/svg>\t\t\t<\/div>\n\t\t\t<select name=\"form_fields[servicio]\" id=\"form-field-servicio\" class=\"elementor-field-textual elementor-size-sm\" required=\"required\">\n\t\t\t\t\t\t\t\t\t<option value=\"How can we help you?*\">How can we help you?*<\/option>\n\t\t\t\t\t\t\t\t\t<option value=\"Contact Center \">Contact Center <\/option>\n\t\t\t\t\t\t\t\t\t<option value=\"BEAGENTIA Omnichannel \">BEAGENTIA Omnichannel <\/option>\n\t\t\t\t\t\t\t\t\t<option value=\"International Nearshore BPO \">International Nearshore BPO <\/option>\n\t\t\t\t\t\t\t\t\t<option value=\"IT Outsourcing \">IT Outsourcing <\/option>\n\t\t\t\t\t\t\t\t\t<option value=\"FEEL Electronic Billing \">FEEL Electronic Billing <\/option>\n\t\t\t\t\t\t\t\t\t<option value=\"ELP Payment Gateway \">ELP Payment Gateway <\/option>\n\t\t\t\t\t\t\t\t\t<option value=\"Other \">Other <\/option>\n\t\t\t\t\t\t\t<\/select>\n\t\t<\/div>\n\t\t\t\t\t\t<\/div>\n\t\t\t\t\t\t\t\t<div class=\"elementor-field-type-acceptance elementor-field-group elementor-column elementor-field-group-field_418371d elementor-col-100 elementor-field-required\">\n\t\t\t\t\t\t\t<div class=\"elementor-field-subgroup\">\n\t\t\t<span class=\"elementor-field-option\">\n\t\t\t\t<input type=\"checkbox\" name=\"form_fields[field_418371d]\" id=\"form-field-field_418371d\" class=\"elementor-field elementor-size-sm  elementor-acceptance-field\" required=\"required\">\n\t\t\t\t<label for=\"form-field-field_418371d\">Your information will remain confidential. By submitting this form, you agree to our Privacy Policy and Data Processing terms and consent to receiving communications via email.*<\/label>\t\t\t<\/span>\n\t\t<\/div>\n\t\t\t\t\t\t<\/div>\n\t\t\t\t\t\t\t\t<div class=\"elementor-field-type-text\">\n\t\t\t\t\t<input size=\"1\" type=\"text\" name=\"form_fields[senuelo]\" id=\"form-field-senuelo\" class=\"elementor-field elementor-size-sm \" style=\"display:none !important;\">\t\t\t\t<\/div>\n\t\t\t\t\t\t\t\t<div class=\"elementor-field-group elementor-column elementor-field-type-submit elementor-col-100 e-form__buttons\">\n\t\t\t\t\t<button class=\"elementor-button elementor-size-sm\" type=\"submit\">\n\t\t\t\t\t\t<span class=\"elementor-button-content-wrapper\">\n\t\t\t\t\t\t\t\t\t\t\t\t\t\t\t\t\t\t\t\t\t\t<span class=\"elementor-button-text\">Submit<\/span>\n\t\t\t\t\t\t\t\t\t\t\t\t\t<\/span>\n\t\t\t\t\t<\/button>\n\t\t\t\t<\/div>\n\t\t\t<\/div>\n\t\t<\/form>\n\t\t\t\t\t\t<\/div>\n\t\t\t\t<\/div>\n\t\t\t\t<\/div>\n\t\t\t\t\t<\/div>\n\t\t\t\t<\/div>\n\t\t\t\t<\/div>\n\t\t","protected":false},"excerpt":{"rendered":"<p>Contact Us Main Administrative Line601 756 9094 Sales Support Line601 390 2000 Sales Support Chat+57 322 6590508 Bogot\u00e1, Colombia Get help if a security breach or potential incident occurs:sig@bpmconsulting.com.co Contact us and we will prepare your personalized proposal!<\/p>\n","protected":false},"author":1,"featured_media":0,"parent":0,"menu_order":6,"comment_status":"closed","ping_status":"closed","template":"","meta":{"_acf_changed":false,"footnotes":""},"class_list":["post-2244","page","type-page","status-publish","hentry"],"acf":[],"yoast_head":"<!-- This site is optimized with the Yoast SEO Premium plugin v26.6 (Yoast SEO v27.5) - https:\/\/yoast.com\/product\/yoast-seo-premium-wordpress\/ -->\n<title>Contact Us - BPM Consulting | Contact Center, BPO e IA en Colombia<\/title>\n<meta name=\"robots\" content=\"index, follow, max-snippet:-1, max-image-preview:large, max-video-preview:-1\" \/>\n<link rel=\"canonical\" href=\"https:\/\/bpmconsulting.com.co\/contactanos\/\" \/>\n<meta property=\"og:locale\" content=\"en_US\" \/>\n<meta property=\"og:type\" content=\"article\" \/>\n<meta property=\"og:title\" content=\"Contact Us\" \/>\n<meta property=\"og:description\" content=\"Contact Us Main Administrative Line601 756 9094 Sales Support Line601 390 2000 Sales Support Chat+57 322 6590508 Bogot\u00e1, Colombia Get help if a security breach or potential incident occurs:sig@bpmconsulting.com.co Contact us and we will prepare your personalized proposal!\" \/>\n<meta property=\"og:url\" content=\"https:\/\/bpmconsulting.com.co\/contactanos\/\" \/>\n<meta property=\"og:site_name\" content=\"BPM Consulting | Contact Center, BPO e IA en Colombia\" \/>\n<meta property=\"article:publisher\" content=\"https:\/\/www.facebook.com\/bpmconsulting\" \/>\n<meta property=\"article:modified_time\" content=\"2026-04-21T18:51:37+00:00\" \/>\n<meta name=\"twitter:card\" content=\"summary_large_image\" \/>\n<meta name=\"twitter:label1\" content=\"Est. reading time\" \/>\n\t<meta name=\"twitter:data1\" content=\"1 minute\" \/>\n<script type=\"application\/ld+json\" class=\"yoast-schema-graph\">{\"@context\":\"https:\\\/\\\/schema.org\",\"@graph\":[{\"@type\":\"WebPage\",\"@id\":\"https:\\\/\\\/bpmconsulting.com.co\\\/contactanos\\\/\",\"url\":\"https:\\\/\\\/bpmconsulting.com.co\\\/contactanos\\\/\",\"name\":\"Contact Us - BPM Consulting | Contact Center, BPO e IA en Colombia\",\"isPartOf\":{\"@id\":\"https:\\\/\\\/bpmconsulting.com.co\\\/#website\"},\"datePublished\":\"2025-11-27T21:23:23+00:00\",\"dateModified\":\"2026-04-21T18:51:37+00:00\",\"breadcrumb\":{\"@id\":\"https:\\\/\\\/bpmconsulting.com.co\\\/contactanos\\\/#breadcrumb\"},\"inLanguage\":\"en-US\",\"potentialAction\":[{\"@type\":\"ReadAction\",\"target\":[\"https:\\\/\\\/bpmconsulting.com.co\\\/contactanos\\\/\"]}]},{\"@type\":\"BreadcrumbList\",\"@id\":\"https:\\\/\\\/bpmconsulting.com.co\\\/contactanos\\\/#breadcrumb\",\"itemListElement\":[{\"@type\":\"ListItem\",\"position\":1,\"name\":\"Portada\",\"item\":\"https:\\\/\\\/bpmconsulting.com.co\\\/en\\\/\"},{\"@type\":\"ListItem\",\"position\":2,\"name\":\"Contact Us\"}]},{\"@type\":\"WebSite\",\"@id\":\"https:\\\/\\\/bpmconsulting.com.co\\\/#website\",\"url\":\"https:\\\/\\\/bpmconsulting.com.co\\\/\",\"name\":\"BPM Consulting | Contact Center, BPO e IA en Colombia\",\"description\":\"BPM Consulting es una empresa colombiana con 20 a\u00f1os de experiencia en Contact Center, BPO, IA, facturaci\u00f3n electr\u00f3nica y pasarela de pagos.\",\"publisher\":{\"@id\":\"https:\\\/\\\/bpmconsulting.com.co\\\/#organization\"},\"potentialAction\":[{\"@type\":\"SearchAction\",\"target\":{\"@type\":\"EntryPoint\",\"urlTemplate\":\"https:\\\/\\\/bpmconsulting.com.co\\\/?s={search_term_string}\"},\"query-input\":{\"@type\":\"PropertyValueSpecification\",\"valueRequired\":true,\"valueName\":\"search_term_string\"}}],\"inLanguage\":\"en-US\"},{\"@type\":\"Organization\",\"@id\":\"https:\\\/\\\/bpmconsulting.com.co\\\/#organization\",\"name\":\"BPM Consulting Colombia\",\"url\":\"https:\\\/\\\/bpmconsulting.com.co\\\/\",\"logo\":{\"@type\":\"ImageObject\",\"inLanguage\":\"en-US\",\"@id\":\"https:\\\/\\\/bpmconsulting.com.co\\\/#\\\/schema\\\/logo\\\/image\\\/\",\"url\":\"https:\\\/\\\/bpmconsulting.com.co\\\/wp-content\\\/uploads\\\/2025\\\/11\\\/Logo-BPM-Color.webp\",\"contentUrl\":\"https:\\\/\\\/bpmconsulting.com.co\\\/wp-content\\\/uploads\\\/2025\\\/11\\\/Logo-BPM-Color.webp\",\"width\":1501,\"height\":489,\"caption\":\"BPM Consulting Colombia\"},\"image\":{\"@id\":\"https:\\\/\\\/bpmconsulting.com.co\\\/#\\\/schema\\\/logo\\\/image\\\/\"},\"sameAs\":[\"https:\\\/\\\/www.facebook.com\\\/bpmconsulting\",\"https:\\\/\\\/www.instagram.com\\\/bpm_consulting_sas\\\/\",\"https:\\\/\\\/www.linkedin.com\\\/company\\\/bpm-consulting-sas\\\/\",\"https:\\\/\\\/www.youtube.com\\\/channel\\\/UCEI-ml12as7JbvfSW8fYOKg\"]}]}<\/script>\n<!-- \/ Yoast SEO Premium plugin. -->","yoast_head_json":{"title":"Contact Us - BPM Consulting | Contact Center, BPO e IA en Colombia","robots":{"index":"index","follow":"follow","max-snippet":"max-snippet:-1","max-image-preview":"max-image-preview:large","max-video-preview":"max-video-preview:-1"},"canonical":"https:\/\/bpmconsulting.com.co\/contactanos\/","og_locale":"en_US","og_type":"article","og_title":"Contact Us","og_description":"Contact Us Main Administrative Line601 756 9094 Sales Support Line601 390 2000 Sales Support Chat+57 322 6590508 Bogot\u00e1, Colombia Get help if a security breach or potential incident occurs:sig@bpmconsulting.com.co Contact us and we will prepare your personalized proposal!","og_url":"https:\/\/bpmconsulting.com.co\/contactanos\/","og_site_name":"BPM Consulting | Contact Center, BPO e IA en Colombia","article_publisher":"https:\/\/www.facebook.com\/bpmconsulting","article_modified_time":"2026-04-21T18:51:37+00:00","twitter_card":"summary_large_image","twitter_misc":{"Est. reading time":"1 minute"},"schema":{"@context":"https:\/\/schema.org","@graph":[{"@type":"WebPage","@id":"https:\/\/bpmconsulting.com.co\/contactanos\/","url":"https:\/\/bpmconsulting.com.co\/contactanos\/","name":"Contact Us - BPM Consulting | Contact Center, BPO e IA en Colombia","isPartOf":{"@id":"https:\/\/bpmconsulting.com.co\/#website"},"datePublished":"2025-11-27T21:23:23+00:00","dateModified":"2026-04-21T18:51:37+00:00","breadcrumb":{"@id":"https:\/\/bpmconsulting.com.co\/contactanos\/#breadcrumb"},"inLanguage":"en-US","potentialAction":[{"@type":"ReadAction","target":["https:\/\/bpmconsulting.com.co\/contactanos\/"]}]},{"@type":"BreadcrumbList","@id":"https:\/\/bpmconsulting.com.co\/contactanos\/#breadcrumb","itemListElement":[{"@type":"ListItem","position":1,"name":"Portada","item":"https:\/\/bpmconsulting.com.co\/en\/"},{"@type":"ListItem","position":2,"name":"Contact Us"}]},{"@type":"WebSite","@id":"https:\/\/bpmconsulting.com.co\/#website","url":"https:\/\/bpmconsulting.com.co\/","name":"BPM Consulting | Contact Center, BPO e IA en Colombia","description":"BPM Consulting es una empresa colombiana con 20 a\u00f1os de experiencia en Contact Center, BPO, IA, facturaci\u00f3n electr\u00f3nica y pasarela de pagos.","publisher":{"@id":"https:\/\/bpmconsulting.com.co\/#organization"},"potentialAction":[{"@type":"SearchAction","target":{"@type":"EntryPoint","urlTemplate":"https:\/\/bpmconsulting.com.co\/?s={search_term_string}"},"query-input":{"@type":"PropertyValueSpecification","valueRequired":true,"valueName":"search_term_string"}}],"inLanguage":"en-US"},{"@type":"Organization","@id":"https:\/\/bpmconsulting.com.co\/#organization","name":"BPM Consulting Colombia","url":"https:\/\/bpmconsulting.com.co\/","logo":{"@type":"ImageObject","inLanguage":"en-US","@id":"https:\/\/bpmconsulting.com.co\/#\/schema\/logo\/image\/","url":"https:\/\/bpmconsulting.com.co\/wp-content\/uploads\/2025\/11\/Logo-BPM-Color.webp","contentUrl":"https:\/\/bpmconsulting.com.co\/wp-content\/uploads\/2025\/11\/Logo-BPM-Color.webp","width":1501,"height":489,"caption":"BPM Consulting Colombia"},"image":{"@id":"https:\/\/bpmconsulting.com.co\/#\/schema\/logo\/image\/"},"sameAs":["https:\/\/www.facebook.com\/bpmconsulting","https:\/\/www.instagram.com\/bpm_consulting_sas\/","https:\/\/www.linkedin.com\/company\/bpm-consulting-sas\/","https:\/\/www.youtube.com\/channel\/UCEI-ml12as7JbvfSW8fYOKg"]}]}},"_hostinger_reach_plugin_has_subscription_block":false,"_hostinger_reach_plugin_is_elementor":false,"_links":{"self":[{"href":"https:\/\/bpmconsulting.com.co\/en\/wp-json\/wp\/v2\/pages\/2244","targetHints":{"allow":["GET"]}}],"collection":[{"href":"https:\/\/bpmconsulting.com.co\/en\/wp-json\/wp\/v2\/pages"}],"about":[{"href":"https:\/\/bpmconsulting.com.co\/en\/wp-json\/wp\/v2\/types\/page"}],"author":[{"embeddable":true,"href":"https:\/\/bpmconsulting.com.co\/en\/wp-json\/wp\/v2\/users\/1"}],"replies":[{"embeddable":true,"href":"https:\/\/bpmconsulting.com.co\/en\/wp-json\/wp\/v2\/comments?post=2244"}],"version-history":[{"count":4,"href":"https:\/\/bpmconsulting.com.co\/en\/wp-json\/wp\/v2\/pages\/2244\/revisions"}],"predecessor-version":[{"id":2250,"href":"https:\/\/bpmconsulting.com.co\/en\/wp-json\/wp\/v2\/pages\/2244\/revisions\/2250"}],"wp:attachment":[{"href":"https:\/\/bpmconsulting.com.co\/en\/wp-json\/wp\/v2\/media?parent=2244"}],"curies":[{"name":"wp","href":"https:\/\/api.w.org\/{rel}","templated":true}]}}